
{"id":69,"date":"2022-12-06T12:06:01","date_gmt":"2022-12-06T11:06:01","guid":{"rendered":"https:\/\/przedszkole124.edu.wroclaw.pl\/?page_id=69"},"modified":"2026-02-26T09:12:32","modified_gmt":"2026-02-26T08:12:32","slug":"rekrutacja","status":"publish","type":"page","link":"https:\/\/przedszkole124.edu.wroclaw.pl\/index.php\/rekrutacja\/","title":{"rendered":"Rekrutacja"},"content":{"rendered":"<div class=\"wpb-content-wrapper\"><p>[vc_row][vc_column][vc_column_text css=&#8221;&#8221;]<\/p>\n<ul style=\"list-style-type: circle\">\n<li>\n<h1><strong>DNI OTWARTE w Przedszkolu nr 124 odb\u0119d\u0105 si\u0119 dnia 9 i 10 marca od godz.9:00 &#8211; 11:00. Serdecznie zapraszamy.<\/strong><\/h1>\n<\/li>\n<li><strong>Rekrutacja prowadzona jest w systemie elektronicznym poprzez stron\u0119\u00a0<a href=\"http:\/\/rekrutacje.edu.wroclaw.pl\">rekrutacje.edu.wroclaw.pl<\/a><\/strong><strong>W dniach 20-25 marca 2026 elektroniczny system rekrutacji dost\u0119pny jest 24 godziny na dob\u0119. W dniu rozpocz\u0119cia rekrutacji tj. 20 marca od godz. 12.00, a w dniu zako\u0144czenia tj. 25 marca\u00a0 do godz. 15.00.<\/strong><strong>W przypadku braku mo\u017cliwo\u015bci skorzystania z systemu elektronicznego istnieje mo\u017cliwo\u015b\u0107 z\u0142o\u017cenia wniosku wraz z za\u0142\u0105cznikami bezpo\u015brednio w plac\u00f3wce.<\/strong><strong><strong>Post\u0119powanie rekrutacyjne przeprowadza komisja rekrutacyjna powo\u0142ana przez dyrektora w plac\u00f3wce.<\/strong><\/strong><\/li>\n<li>\n<h3><strong>Rekrutacja dla dzieci zamieszkuj\u0105cych we Wroc\u0142awiu, urodzonych w latach 2020 &#8211; 2023:<\/strong><\/h3>\n<p><strong>2023 r. \u2013 3 latki<\/strong><\/p>\n<p><strong>2022 r. \u2013 4 latki<\/strong><\/p>\n<p><strong>2021 r. \u2013 5 latki<\/strong><\/p>\n<p><strong>2020r. \u00a0\u2013 6 latki<\/strong><\/p>\n<p><strong>W rekrutacji mog\u0105 te\u017c wzi\u0105\u0107 udzia\u0142 dzieci ze starszych rocznik\u00f3w posiadaj\u0105ce decyzj\u0119 o odroczeniu spe\u0142niania obowi\u0105zku szkolnego.<\/strong><\/p>\n<p><strong>\u00a0<\/strong><\/p>\n<p><strong>Miejscem zamieszkania dziecka<\/strong> jest miejsce zamieszkania jego rodzic\u00f3w albo tego z rodzic\u00f3w, kt\u00f3remu wy\u0142\u0105cznie przys\u0142uguje w\u0142adza rodzicielska lub kt\u00f3remu zosta\u0142o powierzone wykonywanie w\u0142adzy rodzicielskiej.<\/p>\n<p>Je\u017celi w\u0142adza rodzicielska przys\u0142uguje na r\u00f3wni obojgu rodzicom maj\u0105cym osobne miejsce zamieszkania, miejsce zamieszkania dziecka jest u tego z rodzic\u00f3w, u kt\u00f3rego dziecko stale przebywa. Je\u017celi dziecko nie przebywa stale u \u017cadnego z rodzic\u00f3w, jego miejsce zamieszkania okre\u015bla s\u0105d opieku\u0144czy (art. 26 \u00a7 1 i 2 ustawy z dnia 23 kwietnia 1964 r. Kodeks cywilny \u2013\u00a0 Dz. U.\u00a0 2025, \u00a0poz. 1071 ze zm.).<\/p>\n<p>&nbsp;<\/p>\n<p>Na potrzeby rekrutacji przyjmuje si\u0119, \u017ce <strong>zamieszkanie<\/strong> <strong>to<\/strong><strong>:<\/strong><\/p>\n<p>a) zamieszkanie potwierdzone zameldowaniem sta\u0142ym,<\/li>\n<li>b) zamieszkanie potwierdzone zameldowaniem czasowym (obejmuj\u0105cym dzie\u0144\u00a0 01.09.2026r.),<\/li>\n<li>c) zamieszkanie potwierdzone innym dokumentem.<\/li>\n<\/ul>\n<ul style=\"list-style-type: circle\">\n<li>\n<table style=\"height: 452px;width: 99.7763%;border-collapse: collapse\" border=\"1\">\n<tbody>\n<tr>\n<td style=\"width: 52.6158%\">\n<h3 style=\"text-align: center\">Informacje dotycz\u0105ce rekrutacji<\/h3>\n<ul>\n<li style=\"text-align: left\"><a href=\"https:\/\/przedszkole124.edu.wroclaw.pl\/wp-content\/uploads\/sites\/74\/2026\/01\/BIULETYN-INFORMACYJNY.pdf\">BIULETYN INFORMACYJNY<\/a><\/li>\n<li style=\"text-align: left\"><a href=\"https:\/\/przedszkole124.edu.wroclaw.pl\/wp-content\/uploads\/sites\/74\/2026\/01\/DOCHOD.docx\">DOCH\u00d3D<\/a><\/li>\n<li style=\"text-align: left\"><a href=\"https:\/\/przedszkole124.edu.wroclaw.pl\/wp-content\/uploads\/sites\/74\/2026\/01\/DZIECI-O-SPECJALNYCH-POTRZEBACH.docx\">DZIECI O SPECJALNYCH POTRZEBACH<\/a><\/li>\n<li style=\"text-align: left\"><a href=\"https:\/\/przedszkole124.edu.wroclaw.pl\/wp-content\/uploads\/sites\/74\/2026\/01\/HARMONOGRAM-DLA-RODZICOW-ETAP-PODSTAWOWY.docx\">HARMONOGRAM DLA RODZIC\u00d3W &#8211; ETAP PODSTAWOWY<\/a><\/li>\n<li style=\"text-align: left\"><a href=\"https:\/\/przedszkole124.edu.wroclaw.pl\/wp-content\/uploads\/sites\/74\/2026\/01\/HARMONOGRAM-DLA-RODZICOW-ETAP-UZUPELNIAJACY.docx\">HARMONOGRAM DLA RODZIC\u00d3W &#8211; ETAP UZUPE\u0141NIAJ\u0104CY<\/a><\/li>\n<li style=\"text-align: left\"><a href=\"https:\/\/przedszkole124.edu.wroclaw.pl\/wp-content\/uploads\/sites\/74\/2026\/01\/INFORMACJE-OGOLNE.docx\">INFORMACJE<\/a><a style=\"font-family: inherit;font-size: inherit\" href=\"https:\/\/przedszkole124.edu.wroclaw.pl\/wp-content\/uploads\/sites\/74\/2026\/01\/INFORMACJE-OGOLNE.docx\">OG\u00d3LNE<\/a><\/li>\n<li style=\"text-align: left\"><a style=\"font-family: inherit;font-size: inherit\" href=\"https:\/\/przedszkole124.edu.wroclaw.pl\/wp-content\/uploads\/sites\/74\/2026\/01\/KOMUNIKAT.docx\">KOMUNIKAT<\/a><\/li>\n<li style=\"text-align: left\"><a style=\"font-family: inherit;font-size: inherit\" href=\"https:\/\/przedszkole124.edu.wroclaw.pl\/wp-content\/uploads\/sites\/74\/2026\/01\/KONTYNUACJA.docx\">KONTYNUACJA<\/a><\/li>\n<li style=\"text-align: left\"><a style=\"font-family: inherit;font-size: inherit\" href=\"https:\/\/przedszkole124.edu.wroclaw.pl\/wp-content\/uploads\/sites\/74\/2026\/01\/KRYTERIA-.docx\">KRYTERIA<\/a><\/li>\n<li style=\"text-align: left\"><a style=\"font-family: inherit;font-size: inherit\" href=\"https:\/\/przedszkole124.edu.wroclaw.pl\/wp-content\/uploads\/sites\/74\/2026\/01\/ODWOLANIA.docx\">ODWO\u0141ANIA<\/a><\/li>\n<li style=\"text-align: left\"><a style=\"font-family: inherit;font-size: inherit\" href=\"https:\/\/przedszkole124.edu.wroclaw.pl\/wp-content\/uploads\/sites\/74\/2026\/01\/PODSTAWY-PRAWNE.docx\">PODSTAWY PRAWNE<\/a><\/li>\n<li style=\"text-align: left\"><a style=\"font-family: inherit;font-size: inherit\" href=\"https:\/\/przedszkole124.edu.wroclaw.pl\/wp-content\/uploads\/sites\/74\/2026\/01\/SAMOTNE-WYCHOWANIE.docx\">SAMOTNE WYCHOWANIE<\/a><\/li>\n<li style=\"text-align: left\"><a style=\"font-family: inherit;font-size: inherit\" href=\"https:\/\/przedszkole124.edu.wroclaw.pl\/wp-content\/uploads\/sites\/74\/2026\/01\/UDZIAL-W-REKRUTACJI.docx\">UDZIA\u0141 W REKRUTACJI<\/a><\/li>\n<li style=\"text-align: left\"><a style=\"font-family: inherit;font-size: inherit\" href=\"https:\/\/przedszkole124.edu.wroclaw.pl\/wp-content\/uploads\/sites\/74\/2026\/01\/WSPARCIE-TECHNICZNE.docx\">WSPARCIE TECHNICZNE<\/a><\/li>\n<\/ul>\n<\/td>\n<td style=\"width: 47.3095%\">\n<h3 style=\"text-align: center\">Dokumenty i za\u0142\u0105czniki do rekrutacji<\/h3>\n<p><a href=\"https:\/\/przedszkole124.edu.wroclaw.pl\/wp-content\/uploads\/sites\/74\/2025\/03\/1a_oswiadczenie_o_prowadzeniu_dzialalnosci_gospodarczej.pdf\">1a_oswiadczenie_o_prowadzeniu_dzialalnosci_gospodarczej<\/a><\/p>\n<p><a href=\"https:\/\/przedszkole124.edu.wroclaw.pl\/wp-content\/uploads\/sites\/74\/2025\/03\/1b_oswiadczenie_o_stacjonarnym_trybie_nauki.pdf\">1b_oswiadczenie_o_stacjonarnym_trybie_nauki<\/a><\/p>\n<p><a href=\"https:\/\/przedszkole124.edu.wroclaw.pl\/wp-content\/uploads\/sites\/74\/2025\/03\/1c_oswiadczenie_rodzica_o_prowadzeniu_gospodarstwa_rolnego.pdf\">1c_oswiadczenie_rodzica_o_prowadzeniu_gospodarstwa_rolnego<\/a><\/p>\n<p><a href=\"https:\/\/przedszkole124.edu.wroclaw.pl\/wp-content\/uploads\/sites\/74\/2025\/03\/1d_oswiadczenie_o_aktywnym_statusie_w_programie_nasz_wroclaw.pdf\">1d_oswiadczenie_o_aktywnym_statusie_w_programie_nasz_wroclaw<\/a><\/p>\n<p><a href=\"https:\/\/przedszkole124.edu.wroclaw.pl\/wp-content\/uploads\/sites\/74\/2025\/03\/1e_oswiadczenie_o_rodzenstwie.pdf\">1e_oswiadczenie_o_rodzenstwie<\/a><\/p>\n<p><a href=\"https:\/\/przedszkole124.edu.wroclaw.pl\/wp-content\/uploads\/sites\/74\/2025\/03\/1f_oswiadczenie_o_wysokosci_dochodu.pdf\">1f_oswiadczenie_o_wysokosci_dochodu<\/a><\/p>\n<p><a href=\"https:\/\/przedszkole124.edu.wroclaw.pl\/wp-content\/uploads\/sites\/74\/2025\/03\/1g_oswiadczenie_o_samotnym_wychowywaniu_dziecka.pdf\">1g_oswiadczenie_o_samotnym_wychowywaniu_dziecka<\/a><\/p>\n<p><a href=\"https:\/\/przedszkole124.edu.wroclaw.pl\/wp-content\/uploads\/sites\/74\/2025\/03\/1h_oswiadczenie_o_wielodzietnosci.pdf\">1h_oswiadczenie_o_wielodzietnosci<\/a><\/p>\n<p><a href=\"https:\/\/przedszkole124.edu.wroclaw.pl\/wp-content\/uploads\/sites\/74\/2025\/03\/wniosek_o_przyjecie_dziecka.pdf\">wniosek_o_przyjecie_dziecka<\/a><\/td>\n<\/tr>\n<\/tbody>\n<\/table>\n<\/li>\n<\/ul>\n<p>[\/vc_column_text][\/vc_column][\/vc_row]<\/p>\n<\/div>","protected":false},"excerpt":{"rendered":"<p>[vc_row][vc_column][vc_column_text css=&#8221;&#8221;] DNI OTWARTE w Przedszkolu nr 124 odb\u0119d\u0105 si\u0119 dnia 9 i 10 marca od godz.9:00 &#8211; 11:00. Serdecznie zapraszamy. Rekrutacja prowadzona jest w systemie elektronicznym poprzez stron\u0119\u00a0rekrutacje.edu.wroclaw.plW dniach [&hellip;]<\/p>\n","protected":false},"author":7,"featured_media":0,"parent":0,"menu_order":0,"comment_status":"closed","ping_status":"closed","template":"","meta":{"footnotes":""},"class_list":["post-69","page","type-page","status-publish","hentry","clearfix"],"_links":{"self":[{"href":"https:\/\/przedszkole124.edu.wroclaw.pl\/index.php\/wp-json\/wp\/v2\/pages\/69","targetHints":{"allow":["GET"]}}],"collection":[{"href":"https:\/\/przedszkole124.edu.wroclaw.pl\/index.php\/wp-json\/wp\/v2\/pages"}],"about":[{"href":"https:\/\/przedszkole124.edu.wroclaw.pl\/index.php\/wp-json\/wp\/v2\/types\/page"}],"author":[{"embeddable":true,"href":"https:\/\/przedszkole124.edu.wroclaw.pl\/index.php\/wp-json\/wp\/v2\/users\/7"}],"replies":[{"embeddable":true,"href":"https:\/\/przedszkole124.edu.wroclaw.pl\/index.php\/wp-json\/wp\/v2\/comments?post=69"}],"version-history":[{"count":40,"href":"https:\/\/przedszkole124.edu.wroclaw.pl\/index.php\/wp-json\/wp\/v2\/pages\/69\/revisions"}],"predecessor-version":[{"id":6474,"href":"https:\/\/przedszkole124.edu.wroclaw.pl\/index.php\/wp-json\/wp\/v2\/pages\/69\/revisions\/6474"}],"wp:attachment":[{"href":"https:\/\/przedszkole124.edu.wroclaw.pl\/index.php\/wp-json\/wp\/v2\/media?parent=69"}],"curies":[{"name":"wp","href":"https:\/\/api.w.org\/{rel}","templated":true}]}}