
{"id":629,"date":"2022-12-23T08:50:32","date_gmt":"2022-12-23T07:50:32","guid":{"rendered":"https:\/\/przedszkole124.edu.wroclaw.pl\/?page_id=629"},"modified":"2026-04-04T14:42:12","modified_gmt":"2026-04-04T12:42:12","slug":"grupa-ii-krasnale","status":"publish","type":"page","link":"https:\/\/przedszkole124.edu.wroclaw.pl\/index.php\/grupy\/grupa-ii-krasnale\/","title":{"rendered":"Grupa II &#8211; Krasnale"},"content":{"rendered":"<div class=\"wpb-content-wrapper\"><p>[vc_row css=&#8221;.vc_custom_1671796233575{background: #308728 url(https:\/\/przedszkola.edu.wroclaw.pl\/wp-content\/uploads\/sites\/30\/2021\/06\/tlo.png?id=) !important;}&#8221;][vc_column][vc_tta_tabs][vc_tta_section title=&#8221;O nas&#8221; tab_id=&#8221;1606484233605-1d21e2ea-ef57&#8243;][vc_column_text css=&#8221;&#8221;]<\/p>\n<h2 style=\"text-align: center\"><\/h2>\n<h2 style=\"text-align: center\"><span style=\"font-size: 32px\"><img loading=\"lazy\" decoding=\"async\" class=\"alignnone wp-image-6752\" src=\"https:\/\/przedszkole124.edu.wroclaw.pl\/wp-content\/uploads\/sites\/74\/2026\/03\/pngtree-decoration-garden-gnome-cartoon-png-image_12192154-300x300.png\" alt=\"\" width=\"187\" height=\"187\" srcset=\"https:\/\/przedszkole124.edu.wroclaw.pl\/wp-content\/uploads\/sites\/74\/2026\/03\/pngtree-decoration-garden-gnome-cartoon-png-image_12192154-300x300.png 300w, https:\/\/przedszkole124.edu.wroclaw.pl\/wp-content\/uploads\/sites\/74\/2026\/03\/pngtree-decoration-garden-gnome-cartoon-png-image_12192154-150x150.png 150w, https:\/\/przedszkole124.edu.wroclaw.pl\/wp-content\/uploads\/sites\/74\/2026\/03\/pngtree-decoration-garden-gnome-cartoon-png-image_12192154.png 360w\" sizes=\"auto, (max-width: 187px) 100vw, 187px\" \/><\/span><\/h2>\n<h2 style=\"text-align: center\"><span style=\"font-size: 32px\">O nas<\/span><span style=\"color: #237e15;font-size: 32px\"><br \/>\n<\/span><\/h2>\n<p>&nbsp;<\/p>\n<h3 style=\"text-align: center\">Grupa II Krasnale &#8211; 4- latki<\/h3>\n<p>&nbsp;<\/p>\n<p style=\"text-align: center\">Jest na \u015bwiecie kraj malutki,<\/p>\n<p style=\"text-align: center\">Gdzie mieszkaj\u0105 krasnoludki,<\/p>\n<p style=\"text-align: center\">Maj\u0105 domki z cienkiej s\u0142omki,<\/p>\n<p style=\"text-align: center\">Z kominami jak poziomki.<\/p>\n<p style=\"text-align: center\">Krasnoludek, gdy jest m\u0142ody,<\/p>\n<p style=\"text-align: center\">Wcale nie ma jeszcze brody,<\/p>\n<p style=\"text-align: center\">\u017badnych wa\u017cnych spraw nie miewa<\/p>\n<p style=\"text-align: center\">Tylko bawi si\u0119 i \u015bpiewa. (&#8230;)<\/p>\n<p style=\"text-align: right\"><span style=\"font-size: 16px\">J.Brzechwa, Trzy weso\u0142e krasnoludki<\/span><\/p>\n<p style=\"text-align: center\"><img decoding=\"async\" src=\"https:\/\/img.freepik.com\/premium-wektory\/akwarela-recznie-rysowane-jesienne-krasnale-ogrodowe-w-tle-banner_375027-585.jpg?w=2000\" alt=\"Akwarela R\u0119cznie Rysowane Jesienne Krasnale Ogrodowe W Tle Banner | Premium Wektor\" \/><\/p>\n<p>[\/vc_column_text][\/vc_tta_section][vc_tta_section title=&#8221;Programy i projekty&#8221; tab_id=&#8221;1614612966580-c2817fc9-5d25&#8243;][vc_column_text css=&#8221;&#8221;]<\/p>\n<h2 style=\"text-align: center\"><span style=\"font-size: 32px\">Programy, projekty i akcje\u00a0 w kt\u00f3rych bierzemy udzia\u0142\u00a0<\/span><\/h2>\n<p style=\"text-align: center\"><img loading=\"lazy\" decoding=\"async\" class=\"\" src=\"https:\/\/img.freepik.com\/premium-zdjecie\/ladny-akwarela-jesienny-krasnal-w-jesiennej-ilustracji-ogrodowej_962764-3072.jpg?w=2000\" alt=\"\u0141adny Akwarela Jesienny Krasnal W Jesiennej Ilustracji Ogrodowej | Zdj\u0119cie Premium\" width=\"242\" height=\"242\" \/><\/p>\n<p style=\"text-align: center\"><em><strong>&#8222;Ma\u0142y Mi\u015b w \u015bwiecie wielkiej literatury&#8221;<\/strong><\/em> to projekt, kt\u00f3ry\u00a0 ma na celu rozwijanie czytelnictwa w\u015br\u00f3d najm\u0142odszych czytelnik\u00f3w. Projekt podzielony jest na modu\u0142y tematyczne z udzia\u0142em maskotki &#8211; misia Bruno. W ramach projektu dzieci poznaj\u0105 literatur\u0119 dzieci\u0119ca, wykonuj\u0105 prac\u0119 plastyczne, poznaj\u0105 zdrowe nawyki i \u015bwiat emocji.<\/p>\n<p style=\"text-align: center\"><em><strong>&#8222;Mali wspanial<\/strong><strong>i<\/strong><\/em>&#8221; &#8211;\u00a0 program og\u00f3lnorozwojowy dla dzieci w wieku przedszkolnym. W programie wykorzystywane s\u0105 elementy sztuki walki. Celem g\u0142\u00f3wnym jest wspomaganie og\u00f3lnego rozwoju oraz sprawno\u015bci umys\u0142owej i ruchowej dziecka.<\/p>\n<p><em><strong>Kubusiowi przyjaciele natury<\/strong><\/em> ma na celu edukacj\u0119 proekologiczn\u0105 dzieci w wieku przedszkolnym i szkolnym.<\/p>\n<p><em><strong>Zdrowo i sportowo <\/strong><\/em>skierowana jest do przedszkoli oraz szk\u00f3\u0142 podstawowych. Jej g\u0142\u00f3wnym celem jest aktywizacja ruchowa dzieci do 10 roku \u017cycia.<\/p>\n<p><em><strong>&#8222;Klub Mleczaka&#8221; <\/strong><\/em>&#8211; og\u00f3lnopolski program edukacji zdrowotnej dla przedszkolak\u00f3w.<\/p>\n<p><em><strong>&#8222;W krainie uczu\u0107 &#8211; bajkoterapia z autorskimi opowie\u015bciami dla przedszkolak\u00f3w&#8221;<\/strong><\/em> &#8211; og\u00f3lnopolski program edukacyjny.<\/p>\n<p><em><strong>&#8222;G\u00f3ra grosza&#8221;<\/strong><\/em><\/p>\n<p><em><strong>Paka dla zwierzaka&#8221;\u00a0<\/strong><\/em>zbi\u00f3rka potrzebnych artyku\u0142\u00f3w dla schroniska.<\/p>\n<p><em><strong>&#8222;Rowerowy Maj&#8221;<\/strong><\/em><\/p>\n<p>&nbsp;<\/p>\n<table>\n<tbody>\n<tr>\n<td><\/td>\n<\/tr>\n<\/tbody>\n<\/table>\n<p>&nbsp;<\/p>\n<p style=\"text-align: center\"><img loading=\"lazy\" decoding=\"async\" class=\"\" src=\"https:\/\/img.freepik.com\/premium-wektory\/akwarela-recznie-rysowane-jesienny-krasnal-ogrodowy_375027-571.jpg\" alt=\"Akwarela R\u0119cznie Rysowane Jesienny Krasnal Ogrodowy | Premium Wektor\" width=\"103\" height=\"103\" \/><\/p>\n<p>[\/vc_column_text][\/vc_tta_section][vc_tta_section title=&#8221;Aktualno\u015bci&#8221; tab_id=&#8221;1757614026894-70a17c84-fbc7&#8243;][vc_basic_grid post_type=&#8221;post&#8221; max_items=&#8221;10&#8243; item=&#8221;286&#8243; css=&#8221;&#8221; grid_id=&#8221;vc_gid:1775306282790-9e0b76ca-1a99-4&#8243; taxonomies=&#8221;7&#8243;][\/vc_tta_section][vc_tta_section title=&#8221;Tematy miesi\u0105ca&#8221; tab_id=&#8221;1642673952835-bb227c80-cae5&#8243;][vc_column_text]<\/p>\n<h2 style=\"text-align: center\"><img loading=\"lazy\" decoding=\"async\" class=\"\" src=\"https:\/\/img.freepik.com\/premium-wektory\/floral-branch-flower-red-burgundy-purple-rose-green-leaves-wedding-concept-with-flowers-floral-poster-invite-vector-arrangements-for-greeting-card-or-invitation-design_875746-970.jpg\" alt=\"Strona 2 | E kwiaty: wektory i ilustracje do darmowego pobrania | Freepik\" width=\"247\" height=\"148\" \/><\/h2>\n<h2 style=\"text-align: center\"><span style=\"font-size: 32px\">Tematy miesi\u0105ca<\/span><\/h2>\n<p>[\/vc_column_text][vc_toggle title=&#8221;Maj 2026&#8243; style=&#8221;arrow&#8221; css=&#8221;&#8221;]<\/p>\n<h2 style=\"text-align: center\">Maj 2026<\/h2>\n<p style=\"text-align: left\"><b>Tydzie\u0144 I \u2013 Majowe \u015bwi\u0119to<\/b><\/p>\n<ol style=\"text-align: left\">\n<li>\u017byjemy wed\u0142ug zasad.<\/li>\n<li>Flaga, god\u0142o, hymn.<\/li>\n<li>Mapa Polski.<\/li>\n<li>Szlakiem legeden.<\/li>\n<li>Polak przedszkolak.<\/li>\n<\/ol>\n<p style=\"text-align: left\"><b>Tydzie\u0144 II \u2013 Zielono nam<\/b><\/p>\n<ol style=\"text-align: left\">\n<li>Czas pracy, czas odpoczynku.<\/li>\n<li>Na hamaku.<\/li>\n<li>Dodawanie na polanie.<\/li>\n<li>Podpatrzone w przyrodzie.<\/li>\n<li>Tam kropki, tu paski.<\/li>\n<\/ol>\n<p style=\"text-align: left\"><b>Tydzie\u0144 III \u2013 Patrzymy w gwiazdy<\/b><\/p>\n<ol style=\"text-align: left\">\n<li>W kosmosie.<\/li>\n<li>Wok\u00f3\u0142 S\u0142o\u0144ca.<\/li>\n<li>Trzy, dwa, jeden, zero &#8211; star.<\/li>\n<li>Nieziemskie do\u015bwiadczenia.<\/li>\n<li>Statki kosmiczne.<\/li>\n<\/ol>\n<p style=\"text-align: left\"><b>Tydzie\u0144 IV \u2013 U rodziny<\/b><\/p>\n<ol style=\"text-align: center\">\n<li style=\"text-align: left\">Ja i moja rodzina.<\/li>\n<li style=\"text-align: left\">Moi rodzice.<\/li>\n<li style=\"text-align: left\">Nasze wsp\u00f3lne pasje.<\/li>\n<li style=\"text-align: left\">Piknik rodzinny.<\/li>\n<li style=\"text-align: left\">\u017byczenia dla mamy i taty.<\/li>\n<\/ol>\n<p>[\/vc_toggle][vc_toggle title=&#8221;Kwiecie\u0144 2026&#8243; style=&#8221;arrow&#8221; css=&#8221;&#8221;]<\/p>\n<h2 style=\"text-align: center\">Kwiecie\u0144 2026<\/h2>\n<p style=\"text-align: left\"><b>Tydzie\u0144 I \u2013 Wielkanocny ko &#8211; koszyczek<\/b><\/p>\n<ol style=\"text-align: left\">\n<li>Symbol \u017cycia.<\/li>\n<li>Wielkanoc.<\/li>\n<li>U gospodarza.<\/li>\n<li>G\u0142os z podw\u00f3rka.<\/li>\n<li>Pi\u00f3rem malowane.<\/li>\n<\/ol>\n<p style=\"text-align: left\"><b>Tydzie\u0144 II \u2013 Wiem, co jem<\/b><\/p>\n<ol style=\"text-align: left\">\n<li>Poznaje nowe smaki.<\/li>\n<li>W restauracji.<\/li>\n<li>Za du\u017co cukru, za du\u017co soli.<\/li>\n<li>Zdrowie na talerzu.<\/li>\n<li>Smacznego !<\/li>\n<\/ol>\n<p style=\"text-align: left\"><b>Tydzie\u0144 III \u2013 \u015awi\u0119to Ziemi<\/b><\/p>\n<ol style=\"text-align: left\">\n<li>Ziemia naszym domem.<\/li>\n<li>Dzie\u0144 Drzewa.<\/li>\n<li>Akcja segregacja.<\/li>\n<li>Zasady znamy &#8211; oszcz\u0119dzamy.<\/li>\n<li>Drugie \u017cycie \u015bmieci.<\/li>\n<\/ol>\n<p style=\"text-align: left\"><b>Tydzie\u0144 IV \u2013 Zaczytani, zas\u0142uchani<\/b><\/p>\n<ol style=\"text-align: center\">\n<li style=\"text-align: left\">Nasze ulubione ksi\u0105\u017cki.<\/li>\n<li style=\"text-align: left\">Zanim ksi\u0105\u017cka trafi na p\u00f3\u0142k\u0119.<\/li>\n<li style=\"text-align: left\">Gdzie jest wi\u0119cej ksi\u0105\u017cek ?<\/li>\n<li style=\"text-align: left\">Od drzewa do papieru.<\/li>\n<li style=\"text-align: left\">Ksi\u0105\u017cka naszej grupy.<\/li>\n<\/ol>\n<p>[\/vc_toggle][vc_toggle title=&#8221;Marzec 2026&#8243; style=&#8221;arrow&#8221; css=&#8221;&#8221;]<\/p>\n<h2 style=\"text-align: center\">Marzec 2026<b><\/b><\/h2>\n<p style=\"text-align: left\"><b>Tydzie\u0144 I \u2013 Przedwio\u015bnie<\/b><\/p>\n<ol style=\"text-align: left\">\n<li>Jeszcze nie chowamy kurtek.<\/li>\n<li>Marcowa pogoda.<\/li>\n<li>Raz S\u0142o\u0144ce, raz deszcz.<\/li>\n<li>Oznaki wiosny.<\/li>\n<li>Pogodowe przepowiednie.<\/li>\n<\/ol>\n<p style=\"text-align: left\"><b>Tydzie\u0144 II \u2013 Gdy ogr\u00f3d rozkwitnie<\/b><\/p>\n<ol style=\"text-align: left\">\n<li>Z wizyt\u0105 w ogr\u00f3dku.<\/li>\n<li>Co wyrasta z cebulki ?<\/li>\n<li>Ziemia plus kwiatki r\u00f3wna si\u0119 rabatki.<\/li>\n<li>Mali ogrodnicy.<\/li>\n<li>Kolorowe bukiety.<\/li>\n<\/ol>\n<p style=\"text-align: left\"><b>Tydzie\u0144 III \u2013 Moc \u017cywio\u0142\u00f3w<\/b><\/p>\n<ol style=\"text-align: left\">\n<li>Uwa\u017caj na burz\u0119 !<\/li>\n<li>Kropla wody &#8211; kropla \u017cycia.<\/li>\n<li>Ziemia pe\u0142na skarb\u00f3w.<\/li>\n<li>Gor\u0105cy \u017cywio\u0142.<\/li>\n<li>Od wietrzyka do wichury.<\/li>\n<\/ol>\n<p style=\"text-align: left\"><b>Tydzie\u0144 IV \u2013 Magia kina i teatru<\/b><\/p>\n<ol style=\"text-align: center\">\n<li style=\"text-align: left\">Praca aktora.<\/li>\n<li style=\"text-align: left\">Nie sp\u00f3\u017anij si\u0119 !<\/li>\n<li style=\"text-align: left\">Sala kinowa\u00a0 i teatralna ( prostok\u0105t).<\/li>\n<li style=\"text-align: left\">Zwierz\u0119ta na scenie.<\/li>\n<li style=\"text-align: left\">Bawimy si\u0119 w teatr.<\/li>\n<\/ol>\n<p>[\/vc_toggle][vc_toggle title=&#8221;Luty 2026&#8243; style=&#8221;arrow&#8221; css=&#8221;&#8221;]<\/p>\n<h2 style=\"text-align: center\">Luty 2024<b><\/b><\/h2>\n<p style=\"text-align: left\"><b>Tydzie\u0144 I \u2013 Bajki, ba\u015bnie, bajeczki<\/b><\/p>\n<ol style=\"text-align: left\">\n<li>Ba\u015bnie z dawnych lat.<\/li>\n<li>Ba\u015bniowa matematyka.<\/li>\n<li>Nasi ulubie\u0144cy.<\/li>\n<li>Sk\u0105d si\u0119 bior\u0105 ksi\u0105\u017cki?<\/li>\n<li>Zaczarowana ksi\u0105\u017cka.<\/li>\n<\/ol>\n<p style=\"text-align: left\"><b>Tydzie\u0144 II \u2013 Wspania\u0142e zabawy na \u015bniegu<\/b><\/p>\n<ol style=\"text-align: left\">\n<li>Bezpieczna zabawa zim\u0105.<\/li>\n<li>W sklepie sportowym.<\/li>\n<li>Sporty i zabawy zimowe.<\/li>\n<li>Zimowe eksperymenty.<\/li>\n<li>Sportowa Pani Zima.<\/li>\n<\/ol>\n<p style=\"text-align: left\"><b>Tydzie\u0144 III \u2013 Tajemnice kosmosu<\/b><\/p>\n<ol style=\"text-align: left\">\n<li>Planety.<\/li>\n<li>Kolorowe ufoludki.<\/li>\n<li>Pojazdy kosmiczne.<\/li>\n<li>Zagadki kosmosu.<\/li>\n<li>Przystanek Droga Mleczna.<\/li>\n<\/ol>\n<p style=\"text-align: left\"><b>Tydzie\u0144 IV \u2013 W dzieci\u0119cym laboratorium<\/b><\/p>\n<ol style=\"text-align: center\">\n<li style=\"text-align: left\">Ma\u0142e laboratorium.<\/li>\n<li style=\"text-align: left\">Kolorowe cuda.<\/li>\n<li style=\"text-align: left\">Nasze eksperymenty.<\/li>\n<li style=\"text-align: left\">Co jest przyci\u0105gane przez magnez?<\/li>\n<li style=\"text-align: left\">Kolorowy wulkan.<\/li>\n<\/ol>\n<p>[\/vc_toggle][vc_toggle title=&#8221;Stycze\u0144 2026&#8243; style=&#8221;arrow&#8221; css=&#8221;&#8221;]<\/p>\n<h2 style=\"text-align: center\">Stycze\u0144 2024<\/h2>\n<p><b><img loading=\"lazy\" decoding=\"async\" class=\"size-medium wp-image-2072 aligncenter\" src=\"https:\/\/przedszkole124.edu.wroclaw.pl\/wp-content\/uploads\/sites\/74\/2024\/01\/dzien_babci_dziadka_winieta-1-300x169.jpg\" alt=\"\" width=\"300\" height=\"169\" \/><\/b><\/p>\n<p>&nbsp;<\/p>\n<p style=\"text-align: left\"><b>Tydzie\u0144 I \u2013 Tak mija nam czas:<\/b><\/p>\n<ol style=\"text-align: left\">\n<li>Up\u0142ywa czas.<\/li>\n<li>U zegarmistrza.<\/li>\n<li>Pory roku.<\/li>\n<li>Dni tygodnia.<\/li>\n<li>Kapsu\u0142a czasu.<\/li>\n<\/ol>\n<p style=\"text-align: left\"><b>Tydzie\u0144 II \u2013 Zwierz\u0119ta zim\u0105:<\/b><\/p>\n<ol style=\"text-align: left\">\n<li>Zimowe potrzeby ptak\u00f3w.<\/li>\n<li>Ile ptak\u00f3w jest w karmniku?<\/li>\n<li>Pan le\u015bniczy.<\/li>\n<li>Tropem le\u015bnych zwierz\u0105t.<\/li>\n<li>Las zim\u0105.<\/li>\n<\/ol>\n<p style=\"text-align: left\"><b>Tydzie\u0144 III \u2013 Kim s\u0105 rodzice moich rodzic\u00f3w?:<\/b><\/p>\n<ol style=\"text-align: left\">\n<li>Moja babcia.<\/li>\n<li>M\u00f3j dziadek.<\/li>\n<li>Sp\u0119dzamy czas z babcia i z dziadkiem.<\/li>\n<li>Dzieci\u0144stwo moich dziadk\u00f3w.<\/li>\n<li>Prezenty dla babci i dziadka.<\/li>\n<\/ol>\n<p style=\"text-align: left\"><b>Tydzie\u0144 IV \u2013 Fryzjer, weterynarz czy lekarz?:<\/b><\/p>\n<ol style=\"text-align: center\">\n<li style=\"text-align: left\">Zawody moich bliskich.<\/li>\n<li style=\"text-align: left\">Akcesoria i przyrz\u0105dy.<\/li>\n<li style=\"text-align: left\">Dawne zawody i wsp\u00f3\u0142czesne zawody.<\/li>\n<li style=\"text-align: left\">Poznajemy zawody.<\/li>\n<li style=\"text-align: left\">A w przysz\u0142o\u015bci b\u0119d\u0119&#8230;<\/li>\n<\/ol>\n<p>[\/vc_toggle][vc_toggle title=&#8221;Grudzie\u0144 2025&#8243; style=&#8221;arrow&#8221; css=&#8221;&#8221;]<\/p>\n<h2 style=\"text-align: center\">Grudzie\u0144 2025<\/h2>\n<p style=\"text-align: center\"><img loading=\"lazy\" decoding=\"async\" class=\"\" src=\"https:\/\/dekoret.pl\/12034-large_default\/serwetka-swiety-mikolaj-ze-zwierzetami.jpg\" alt=\"SERWETKA - \u015aWI\u0118TY MIKO\u0141AJ ZE ZWIERZ\u0118TAMI - DEKORET\" width=\"243\" height=\"243\" \/><\/p>\n<h2>I Tydzie\u0144<\/h2>\n<h3>Warto pomaga\u0107<\/h3>\n<ol>\n<li>Umiemy si\u0119 dzieli\u0107, umiemy pomaga\u0107<\/li>\n<li>Zosta\u0144 Miko\u0142ajem<\/li>\n<li>Sztuka pakowania<\/li>\n<li>W krainie \u015bniegu<\/li>\n<li>Miko\u0142ajkowe szale\u0144stwo<\/li>\n<\/ol>\n<h2>Tydzie\u0144 II<\/h2>\n<h3>Masz wiadomo\u015b\u0107<\/h3>\n<ol>\n<li>Rozumiemy si\u0119 bez s\u0142\u00f3w<\/li>\n<li>Listy nie tylko w kopertach<\/li>\n<li>Na poczcie<\/li>\n<li>Co m\u00f3wi\u0105 zwierz\u0119ta ?<\/li>\n<li>Wysy\u0142amy kartki<\/li>\n<\/ol>\n<h2>Tydzie\u0144 III<\/h2>\n<h3>Ju\u017c pachnie \u015bwi\u0119tami<\/h3>\n<ol>\n<li>Poznajemy nasze tradycje<\/li>\n<li>\u017byczenia od serca<\/li>\n<li>Ile potraw na stole<\/li>\n<li>\u015awi\u0105teczne drzewko<\/li>\n<li>Ozdabiamy choink\u0119<\/li>\n<\/ol>\n<h2>Tydzie\u0144 IV<\/h2>\n<h3>W co si\u0119 bawi\u0107 zim\u0105 ?<\/h3>\n<ol>\n<li>Trening czyni mistrza<\/li>\n<li>Czas na zimowe sporty<\/li>\n<li>Na podium<\/li>\n<li>Zimowe eksperymenty<\/li>\n<li>Mrozem malowane<\/li>\n<\/ol>\n<p>[\/vc_toggle][vc_toggle title=&#8221;Listopad 2025&#8243; style=&#8221;arrow&#8221; css=&#8221;&#8221;]<\/p>\n<h2 style=\"text-align: center\">Listopad 2025<\/h2>\n<p style=\"text-align: center\"><img loading=\"lazy\" decoding=\"async\" class=\"\" src=\"https:\/\/i.pinimg.com\/originals\/b2\/11\/e8\/b211e8054a81d72a840fbd3eacc46363.gif\" alt=\"jesienny deszcz\" width=\"273\" height=\"183\" \/><\/p>\n<h2>I Tydzie\u0144<\/h2>\n<h3>Rodzinne fotografie<\/h3>\n<ol>\n<li>Wspominamy bliskich<\/li>\n<li>W moim domu<\/li>\n<li>Dziadkowie, rodzice i my ( kwadrat)<\/li>\n<li>Drzewo mojej rodziny<\/li>\n<li>Z rodzinn\u0105 na zdj\u0119ciu<\/li>\n<\/ol>\n<h2>II Tydzie\u0144<\/h2>\n<h3>Nasz kraj, nasza okolica<\/h3>\n<ol>\n<li>Mi\u0142o\u015b\u0107 do ojczyzny<\/li>\n<li>Domy i domki<\/li>\n<li>Spacer po mie\u015bcie<\/li>\n<li>Odg\u0142osy wsi<\/li>\n<li>Barwy narodowe<\/li>\n<\/ol>\n<h2>III Tydzie\u0144<\/h2>\n<h3>Moje cia\u0142o<\/h3>\n<ol>\n<li>Czego potrzebuje moje cia\u0142o ?<\/li>\n<li>Poznajemy cz\u0119\u015bci cia\u0142a<\/li>\n<li>Przygl\u0105damy si\u0119 sobie<\/li>\n<li>Nasze zmys\u0142y<\/li>\n<li>To ja<\/li>\n<\/ol>\n<h2>IV Tydzie\u0144<\/h2>\n<h3>Nadchodzi zima<\/h3>\n<ol>\n<li>Plan na dzisiaj &#8211; przytul mnie<\/li>\n<li>Wita nas zimowy las<\/li>\n<li>Jak przetrwa\u0107 zim\u0119<\/li>\n<li>Pomagamy zwierz\u0119tom<\/li>\n<li>W co si\u0119 stroj\u0105 zwierz\u0119ta ?<\/li>\n<\/ol>\n<p>[\/vc_toggle][vc_toggle title=&#8221;Pa\u017adziernik 2025&#8243; style=&#8221;arrow&#8221; css=&#8221;&#8221;]<\/p>\n<div class=\"main-text\">\n<div class=\"leadArticle\">\n<h2 style=\"text-align: center\">Pa\u017adziernik 2025<\/h2>\n<p style=\"text-align: center\"><img loading=\"lazy\" decoding=\"async\" class=\"\" src=\"https:\/\/assets.puzzlefactory.pl\/puzzle\/291\/346\/original.jpg\" alt=\"Grzyby jesieni\u0105 pi\u0119kne w lesie - puzzle online\" width=\"246\" height=\"205\" \/><\/p>\n<\/div>\n<h2>I Tydzie\u0144<\/h2>\n<h3>Mieszka\u0144cy parku i lasu<\/h3>\n<ol>\n<li>W parku i w lesie<\/li>\n<li>Jesie\u0144 w obiektywie<\/li>\n<li>Kto zwierz\u0119ta wszystkie zliczy ?<\/li>\n<li>Czyje to odg\u0142osy ?<\/li>\n<li>O rety ! Zwierz\u0119ce porttrety<\/li>\n<\/ol>\n<h2>II Tydzie\u0144<\/h2>\n<h3>Pogoda to nie przeszkoda !<\/h3>\n<ol>\n<li>Z nami nuda si\u0119 nie uda<\/li>\n<li>Z mam\u0105 jest weso\u0142o<\/li>\n<li>Nasze g\u0142\u00f3wki lubi\u0105 plansz\u00f3wki ( ko\u0142o)<\/li>\n<li>Jak dzi\u015b pogoda ?<\/li>\n<li>Wycinamy i przyklejamy<\/li>\n<\/ol>\n<h2>III Tydzie\u0144<\/h2>\n<h3>Witaminy z ogr\u00f3dka<\/h3>\n<ol>\n<li>Apsik! Na zdrowie !<\/li>\n<li>Tata &#8211; najlepszy kucharz \u015bwiata<\/li>\n<li>Poprosz\u0119 trzy marchewki<\/li>\n<li>Gdzie rosn\u0105 warzywka ?<\/li>\n<li>Kolorowo i zdrowo !<\/li>\n<\/ol>\n<h2>IV Tydzie\u0144<\/h2>\n<h3>Bajkowe stwory<\/h3>\n<ol>\n<li>Oswajamy potwory<\/li>\n<li>W \u015bwiecie elf\u00f3w<\/li>\n<li>Ile g\u0142\u00f3w ma smok ?<\/li>\n<li>To zwierz\u0119 ? Nie wierz\u0119 !<\/li>\n<li>Strrrachy na lachy<\/li>\n<\/ol>\n<\/div>\n<p>[\/vc_toggle][vc_toggle title=&#8221;Wrzesie\u0144 2025&#8243; style=&#8221;arrow&#8221; css=&#8221;&#8221;]<\/p>\n<div class=\"leadArticle\">\n<h2 style=\"text-align: center\">Wrzesie\u0144 2025<\/h2>\n<p style=\"text-align: center\"><img loading=\"lazy\" decoding=\"async\" class=\"\" src=\"https:\/\/static.polityka.pl\/_resource\/res\/path\/85\/b1\/85b16634-bf20-4118-ba4a-1edbe0cb2e92\" alt=\"Jesie\u0144 staje si\u0119 najd\u0142u\u017csz\u0105 por\u0105 roku. Dlaczego jest niezwyk\u0142a?\" width=\"276\" height=\"184\" \/><\/p>\n<\/div>\n<h2>I Tydzie\u0144<\/h2>\n<p><strong>Czas na nowe przygody<\/strong><\/p>\n<ol>\n<li>Nasze rado\u015bci i smutki<\/li>\n<li>Dobrze by\u0107 w grupie<\/li>\n<li>To jest moje, to jest wsp\u00f3lne<\/li>\n<li>Nasz zielony zak\u0105tek<\/li>\n<li>Ka\u017cdy jest artysyt\u0105<\/li>\n<\/ol>\n<h2>II Tydzie\u0144<\/h2>\n<p><strong>Nasze otoczenie<\/strong><\/p>\n<ol>\n<li>Sprawa nie byle jaka &#8211; kodeks przedszkolaka<\/li>\n<li>Kto jest kim w przedszkolu ?<\/li>\n<li>Kr\u00f3lestwo zabawek<\/li>\n<li>Dbamy o czysto\u015b\u0107<\/li>\n<li>Ma\u0142a kropka &#8211; wielka sprawa<\/li>\n<\/ol>\n<h2>Tydzie\u0144 III<\/h2>\n<h3>Mamy swoje pasje<\/h3>\n<ol>\n<li>Nasze ulubione zaj\u0119cia<\/li>\n<li>G\u0142owa pe\u0142na pomys\u0142\u00f3w<\/li>\n<li>Nasze skarby<\/li>\n<li>Domowe zwierzaki<\/li>\n<li>Mi\u015btrzowskie przedszkolaki<\/li>\n<\/ol>\n<h2>Tydzie\u0144 IV<\/h2>\n<h3>Kolorowa jesie\u0144<\/h3>\n<ol>\n<li>Jak rozpozna\u0107 jesie\u0144<\/li>\n<li>Jakie moce maj\u0105 owoce<\/li>\n<li>Zielone &#8211;\u00a0 id\u017a !<\/li>\n<li>Poznajemy \u015bwiat zmys\u0142ami<\/li>\n<li>Jak namalowa\u0107 jesie\u0144 ?<\/li>\n<\/ol>\n<p>[\/vc_toggle][\/vc_tta_section][vc_tta_section title=&#8221;Galeria&#8221; tab_id=&#8221;1642672858339-37cbfadc-3706&#8243;][vc_gallery type=&#8221;image_grid&#8221; images=&#8221;5718,5493,5491,5375,5374,5373,5311,6810&#8243; css=&#8221;&#8221; title=&#8221;Prace dzieci&#8221;][\/vc_tta_section][\/vc_tta_tabs][vc_gallery type=&#8221;image_grid&#8221; images=&#8221;5679,5678,5624,5623,5622&#8243; css=&#8221;&#8221; title=&#8221;Dzie\u0144 \u017byczliwo\u015bci&#8221;][vc_gallery type=&#8221;image_grid&#8221; images=&#8221;5264,5263,5262,5261,5260,5259,5258,5257,5256,5255,5250,5249&#8243; css=&#8221;&#8221; title=&#8221;Zabawa kasztanami&#8221;][\/vc_column][\/vc_row][vc_row][vc_column][vc_gallery type=&#8221;image_grid&#8221; images=&#8221;5962,5963,5964,5965&#8243; css=&#8221;&#8221; title=&#8221;Wigilia&#8221;][\/vc_column][\/vc_row][vc_row][vc_column][\/vc_column][\/vc_row]<\/p>\n<\/div>","protected":false},"excerpt":{"rendered":"<p>[vc_row css=&#8221;.vc_custom_1671796233575{background: #308728 url(https:\/\/przedszkola.edu.wroclaw.pl\/wp-content\/uploads\/sites\/30\/2021\/06\/tlo.png?id=) !important;}&#8221;][vc_column][vc_tta_tabs][vc_tta_section title=&#8221;O nas&#8221; tab_id=&#8221;1606484233605-1d21e2ea-ef57&#8243;][vc_column_text css=&#8221;&#8221;] O nas &nbsp; Grupa II Krasnale &#8211; 4- latki &nbsp; Jest na \u015bwiecie kraj malutki, Gdzie mieszkaj\u0105 krasnoludki, Maj\u0105 domki z [&hellip;]<\/p>\n","protected":false},"author":7,"featured_media":0,"parent":276,"menu_order":0,"comment_status":"closed","ping_status":"closed","template":"","meta":{"footnotes":""},"class_list":["post-629","page","type-page","status-publish","hentry","clearfix"],"_links":{"self":[{"href":"https:\/\/przedszkole124.edu.wroclaw.pl\/index.php\/wp-json\/wp\/v2\/pages\/629","targetHints":{"allow":["GET"]}}],"collection":[{"href":"https:\/\/przedszkole124.edu.wroclaw.pl\/index.php\/wp-json\/wp\/v2\/pages"}],"about":[{"href":"https:\/\/przedszkole124.edu.wroclaw.pl\/index.php\/wp-json\/wp\/v2\/types\/page"}],"author":[{"embeddable":true,"href":"https:\/\/przedszkole124.edu.wroclaw.pl\/index.php\/wp-json\/wp\/v2\/users\/7"}],"replies":[{"embeddable":true,"href":"https:\/\/przedszkole124.edu.wroclaw.pl\/index.php\/wp-json\/wp\/v2\/comments?post=629"}],"version-history":[{"count":117,"href":"https:\/\/przedszkole124.edu.wroclaw.pl\/index.php\/wp-json\/wp\/v2\/pages\/629\/revisions"}],"predecessor-version":[{"id":5265,"href":"https:\/\/przedszkole124.edu.wroclaw.pl\/index.php\/wp-json\/wp\/v2\/pages\/629\/revisions\/5265"}],"up":[{"embeddable":true,"href":"https:\/\/przedszkole124.edu.wroclaw.pl\/index.php\/wp-json\/wp\/v2\/pages\/276"}],"wp:attachment":[{"href":"https:\/\/przedszkole124.edu.wroclaw.pl\/index.php\/wp-json\/wp\/v2\/media?parent=629"}],"curies":[{"name":"wp","href":"https:\/\/api.w.org\/{rel}","templated":true}]}}