
{"id":27,"date":"2022-11-29T12:16:52","date_gmt":"2022-11-29T11:16:52","guid":{"rendered":"https:\/\/przedszkole124.edu.wroclaw.pl\/?page_id=27"},"modified":"2025-09-18T11:41:19","modified_gmt":"2025-09-18T09:41:19","slug":"strona-glowna","status":"publish","type":"page","link":"https:\/\/przedszkole124.edu.wroclaw.pl\/","title":{"rendered":"Strona g\u0142\u00f3wna"},"content":{"rendered":"<div class=\"wpb-content-wrapper\"><p>[vc_row css_animation=&#8221;zoomIn&#8221; css=&#8221;.vc_custom_1648796722481{margin-right: 40px !important;margin-left: 40px !important;}&#8221;][vc_column width=&#8221;1\/5&#8243;][vc_icon icon_fontawesome=&#8221;fas fa-book-reader&#8221; color=&#8221;custom&#8221; background_style=&#8221;rounded-outline&#8221; background_color=&#8221;custom&#8221; size=&#8221;xl&#8221; align=&#8221;center&#8221; custom_color=&#8221;#894b1b&#8221; custom_background_color=&#8221;#894b1b&#8221; link=&#8221;url:https%3A%2F%2Fprzedszkole124.edu.wroclaw.pl%2Findex.php%2Fo-nas%2F|title:O%20nas&#8221;][vc_column_text css=&#8221;.vc_custom_1686905315367{margin-top: -40px !important;}&#8221;]<\/p>\n<h2 style=\"text-align: center;\"><span style=\"font-size: 20px; color: #894b1b;\">O nas<\/span><\/h2>\n<p>[\/vc_column_text][\/vc_column][vc_column width=&#8221;1\/5&#8243;][vc_icon icon_fontawesome=&#8221;fas fa-user-graduate&#8221; color=&#8221;custom&#8221; background_style=&#8221;rounded-outline&#8221; background_color=&#8221;custom&#8221; size=&#8221;xl&#8221; align=&#8221;center&#8221; custom_color=&#8221;#003e96&#8243; custom_background_color=&#8221;#003e96&#8243; link=&#8221;url:https%3A%2F%2Fprzedszkole124.edu.wroclaw.pl%2Findex.php%2Frekrutacja%2F|title:Rekrutacja&#8221;][vc_column_text css=&#8221;.vc_custom_1686906065656{margin-top: -40px !important;}&#8221;]<\/p>\n<h2 style=\"text-align: center;\"><span style=\"font-size: 20px; color: #003e96;\">Rekrutacja<\/span><\/h2>\n<p>[\/vc_column_text][\/vc_column][vc_column width=&#8221;1\/5&#8243;][vc_icon icon_fontawesome=&#8221;far fa-id-card&#8221; color=&#8221;custom&#8221; background_style=&#8221;rounded-outline&#8221; background_color=&#8221;custom&#8221; size=&#8221;xl&#8221; align=&#8221;center&#8221; custom_color=&#8221;#aa4763&#8243; custom_background_color=&#8221;#aa4763&#8243; link=&#8221;url:https%3A%2F%2Fprzedszkole124.edu.wroclaw.pl%2Findex.php%2Fubezpieczenie-nnw%2F|title:Ubezpieczenie%20NNW&#8221;][vc_column_text css=&#8221;.vc_custom_1686906253896{margin-top: -40px !important;}&#8221;]<\/p>\n<h2 style=\"text-align: center;\"><span style=\"font-size: 20px; color: #003e96;\"><span style=\"color: #aa4763;\">Ubezpieczenie NNW<\/span><br \/>\n<\/span><\/h2>\n<p>[\/vc_column_text][\/vc_column][vc_column width=&#8221;1\/5&#8243;][vc_icon icon_fontawesome=&#8221;fas fa-layer-group&#8221; color=&#8221;custom&#8221; background_style=&#8221;rounded-outline&#8221; background_color=&#8221;custom&#8221; size=&#8221;xl&#8221; align=&#8221;center&#8221; custom_color=&#8221;#628423&#8243; custom_background_color=&#8221;#628423&#8243; link=&#8221;url:https%3A%2F%2Fprzedszkole124.edu.wroclaw.pl%2Findex.php%2Frodo%2F|title:RODO&#8221;][vc_column_text css=&#8221;.vc_custom_1686906462299{margin-top: -40px !important;}&#8221;]<\/p>\n<h2 style=\"text-align: center;\"><span style=\"font-size: 20px; color: #003e96;\"><span style=\"color: #628423;\">RODO<\/span><br \/>\n<\/span><\/h2>\n<p>[\/vc_column_text][\/vc_column][vc_column width=&#8221;1\/5&#8243;][vc_icon icon_fontawesome=&#8221;fas fa-child&#8221; color=&#8221;custom&#8221; background_style=&#8221;rounded-outline&#8221; background_color=&#8221;custom&#8221; size=&#8221;xl&#8221; align=&#8221;center&#8221; custom_color=&#8221;#610070&#8243; custom_background_color=&#8221;#610070&#8243; link=&#8221;url:https%3A%2F%2Fprzedszkole124.edu.wroclaw.pl%2Findex.php%2Fgrupy%2F|title:Grupy&#8221;][vc_column_text css=&#8221;.vc_custom_1686909070261{margin-top: -40px !important;}&#8221;]<\/p>\n<h2 style=\"text-align: center;\"><span style=\"font-size: 20px; color: #003e96;\"><span style=\"color: #610070;\">Grupy<\/span><br \/>\n<\/span><\/h2>\n<p>[\/vc_column_text][\/vc_column][\/vc_row][vc_row][vc_column width=&#8221;1\/12&#8243;][\/vc_column][vc_column width=&#8221;1\/2&#8243;][vc_wp_text]<\/p>\n<h1 style=\"text-align: center;\"><span style=\"font-size: 48px;\">O Przedszkolu<\/span><\/h1>\n<p>[\/vc_wp_text][vc_separator color=&#8221;custom&#8221; border_width=&#8221;4&#8243; el_width=&#8221;50&#8243; css=&#8221;.vc_custom_1669720847407{margin-top: -30px !important;}&#8221; accent_color=&#8221;#003e96&#8243;][vc_wp_text]<strong>Przedszkole Nr 124 im. Marii Konopnickiej we Wroc\u0142awiu<\/strong> to przyjazne i bezpieczne miejsce, w kt\u00f3rym dzieci mog\u0105 rado\u015bnie odkrywa\u0107 \u015bwiat ka\u017cdego dnia. Jeste\u015bmy publiczn\u0105 plac\u00f3wk\u0105 prowadzon\u0105 przez Urz\u0105d Miejski Wroc\u0142awia, zlokalizowan\u0105 na spokojnym osiedlu Zakrz\u00f3w w dzielnicy Psie Pole. Nasze przedszkole znajduje si\u0119 z dala od ruchliwej ulicy, w cichym, zielonym zak\u0105tku \u2014 co znacz\u0105co zwi\u0119ksza bezpiecze\u0144stwo i komfort naszych podopiecznych.[\/vc_wp_text][\/vc_column][vc_column width=&#8221;1\/3&#8243;][vc_empty_space height=&#8221;160px&#8221;][vc_single_image image=&#8221;1143&#8243; img_size=&#8221;full&#8221;][\/vc_column][\/vc_row][vc_row][vc_column width=&#8221;1\/12&#8243;][\/vc_column][vc_column width=&#8221;1\/2&#8243;][vc_wp_text]<\/p>\n<h1 style=\"text-align: center;\"><span style=\"font-size: 48px;\">Zaplecze<\/span><\/h1>\n<p>[\/vc_wp_text][vc_separator color=&#8221;custom&#8221; border_width=&#8221;4&#8243; el_width=&#8221;50&#8243; css=&#8221;.vc_custom_1669720860708{margin-top: -30px !important;}&#8221; accent_color=&#8221;#003e96&#8243;][vc_wp_text]Plac\u00f3wka mie\u015bci si\u0119 w wolnostoj\u0105cym, jednopi\u0119trowym budynku otoczonym du\u017cym, zielonym ogrodem. To w\u0142a\u015bnie tam dzieci mog\u0105 korzysta\u0107 z dw\u00f3ch oddzielnych plac\u00f3w zabaw \u2013 dla m\u0142odszych i starszych przedszkolak\u00f3w \u2013 wyposa\u017conych w bezpieczne urz\u0105dzenia i piaskownice, kt\u00f3re sprzyjaj\u0105 radosnej zabawie i aktywno\u015bci na \u015bwie\u017cym powietrzu.<\/p>\n<p>W naszym przedszkolu dzieci w wieku od 3 do 6 lat ucz\u0105 si\u0119, bawi\u0105 i rozwijaj\u0105 w czterech kameralnych grupach wiekowych. Ka\u017cda z przestronnych sal dydaktycznych zosta\u0142a starannie urz\u0105dzona \u2013 pe\u0142na kolorowych zabawek, warto\u015bciowych pomocy edukacyjnych i bezpiecznego wyposa\u017cenia. Dodatkowo do dyspozycji dzieci mamy przestronn\u0105 sal\u0119 gimnastyczn\u0105, w kt\u00f3rej odbywaj\u0105 si\u0119 zaj\u0119cia ruchowe, zabawy sportowe i zaj\u0119cia og\u00f3lnorozwojowe.<\/p>\n<p>Tworzymy ciep\u0142\u0105, serdeczn\u0105 atmosfer\u0119, w kt\u00f3rej ka\u017cde dziecko czuje si\u0119 wa\u017cne, kochane i bezpieczne.[\/vc_wp_text][\/vc_column][vc_column width=&#8221;1\/3&#8243;][vc_empty_space height=&#8221;160px&#8221;][vc_single_image image=&#8221;1149&#8243; img_size=&#8221;full&#8221;][\/vc_column][\/vc_row][vc_row][vc_column][vc_column_text css=&#8221;&#8221;]<\/p>\n<table style=\"width: 100%; border-collapse: collapse; border-color: #ffffff;\" border=\"1\">\n<tbody>\n<tr>\n<td style=\"width: 33.3333%;\">\n<h2 style=\"text-align: center;\"><img loading=\"lazy\" decoding=\"async\" class=\"wp-image-3597 alignleft\" src=\"https:\/\/przedszkole124.edu.wroclaw.pl\/wp-content\/uploads\/sites\/74\/2025\/01\/certyfikat-211x300.png\" alt=\"\" width=\"373\" height=\"530\" srcset=\"https:\/\/przedszkole124.edu.wroclaw.pl\/wp-content\/uploads\/sites\/74\/2025\/01\/certyfikat-211x300.png 211w, https:\/\/przedszkole124.edu.wroclaw.pl\/wp-content\/uploads\/sites\/74\/2025\/01\/certyfikat.png 629w\" sizes=\"auto, (max-width: 373px) 100vw, 373px\" \/><\/h2>\n<\/td>\n<td style=\"width: 33.3333%;\">\n<h1 style=\"text-align: center;\"><strong>Przedszkole z Certyfikatem Zdrowego \u017bywienia <\/strong><\/h1>\n<h1 style=\"text-align: center;\"><strong>oraz<\/strong><\/h1>\n<h1 style=\"text-align: center;\"><strong>Certyfikatem Promowania Aktywno\u015bci Fizycznej<\/strong><\/h1>\n<\/td>\n<td style=\"width: 33.3333%;\">\n<h2 style=\"text-align: center;\"><strong><img loading=\"lazy\" decoding=\"async\" class=\"wp-image-3773 alignright\" src=\"https:\/\/przedszkole124.edu.wroclaw.pl\/wp-content\/uploads\/sites\/74\/2025\/01\/certyfikat-aktywnosc-fizyczna-212x300.png\" alt=\"\" width=\"383\" height=\"542\" srcset=\"https:\/\/przedszkole124.edu.wroclaw.pl\/wp-content\/uploads\/sites\/74\/2025\/01\/certyfikat-aktywnosc-fizyczna-212x300.png 212w, https:\/\/przedszkole124.edu.wroclaw.pl\/wp-content\/uploads\/sites\/74\/2025\/01\/certyfikat-aktywnosc-fizyczna.png 635w\" sizes=\"auto, (max-width: 383px) 100vw, 383px\" \/><\/strong><\/h2>\n<\/td>\n<\/tr>\n<\/tbody>\n<\/table>\n<p>[\/vc_column_text][\/vc_column][\/vc_row][vc_row][vc_column][vc_masonry_media_grid grid_id=&#8221;vc_gid:1758187602964-13bf11accea311246b88b1440cc3ec40-2&#8243;][\/vc_column][\/vc_row][vc_row][vc_column][vc_images_carousel images=&#8221;4478,4479,4487,4484,4485,4652,5073&#8243; img_size=&#8221;full&#8221; onclick=&#8221;custom_link&#8221; custom_links_target=&#8221;_blank&#8221; speed=&#8221;3000&#8243; slides_per_view=&#8221;4&#8243; autoplay=&#8221;yes&#8221; hide_prev_next_buttons=&#8221;yes&#8221; wrap=&#8221;yes&#8221; css=&#8221;&#8221; title=&#8221;Nasi partnerzy&#8221; custom_links=&#8221;#E-8_aHR0cHMlM0ElMkYlMkZvZ2FybmlhbXNpZS5wbCUyRiUyQ2h0dHBzJTNBJTJGJTJGdW5pY2VmLnBsJTJGJTJDaHR0cHMlM0ElMkYlMkZ3d3cubG9wLm9yZy5wbCUyRlN0cm9uYV9nbG93bmElMkNodHRwcyUzQSUyRiUyRnByemVkc3prb2xhYmV6b3dzaWtvdy5wbCUyRiUyQ2h0dHBzJTNBJTJGJTJGd3d3LnpiaWVyYWpiYXRlcmllLnBsJTJGJTJDaHR0cHMlM0ElMkYlMkZ3d3cubmF1a2FqYXpkeS53cm9jLnBsJTJGJTJDaHR0cHMlM0ElMkYlMkZtYWxpLXdzcGFuaWFsaS5wbCUyRg==&#8221;][\/vc_column][\/vc_row]<\/p>\n<\/div>","protected":false},"excerpt":{"rendered":"<p>[vc_row css_animation=&#8221;zoomIn&#8221; css=&#8221;.vc_custom_1648796722481{margin-right: 40px !important;margin-left: 40px !important;}&#8221;][vc_column width=&#8221;1\/5&#8243;][vc_icon icon_fontawesome=&#8221;fas fa-book-reader&#8221; color=&#8221;custom&#8221; background_style=&#8221;rounded-outline&#8221; background_color=&#8221;custom&#8221; size=&#8221;xl&#8221; align=&#8221;center&#8221; custom_color=&#8221;#894b1b&#8221; custom_background_color=&#8221;#894b1b&#8221; link=&#8221;url:https%3A%2F%2Fprzedszkole124.edu.wroclaw.pl%2Findex.php%2Fo-nas%2F|title:O%20nas&#8221;][vc_column_text css=&#8221;.vc_custom_1686905315367{margin-top: -40px !important;}&#8221;] O nas [\/vc_column_text][\/vc_column][vc_column width=&#8221;1\/5&#8243;][vc_icon icon_fontawesome=&#8221;fas fa-user-graduate&#8221; color=&#8221;custom&#8221; background_style=&#8221;rounded-outline&#8221; background_color=&#8221;custom&#8221; [&hellip;]<\/p>\n","protected":false},"author":7,"featured_media":0,"parent":0,"menu_order":0,"comment_status":"closed","ping_status":"closed","template":"","meta":{"footnotes":""},"class_list":["post-27","page","type-page","status-publish","hentry","clearfix"],"_links":{"self":[{"href":"https:\/\/przedszkole124.edu.wroclaw.pl\/index.php\/wp-json\/wp\/v2\/pages\/27","targetHints":{"allow":["GET"]}}],"collection":[{"href":"https:\/\/przedszkole124.edu.wroclaw.pl\/index.php\/wp-json\/wp\/v2\/pages"}],"about":[{"href":"https:\/\/przedszkole124.edu.wroclaw.pl\/index.php\/wp-json\/wp\/v2\/types\/page"}],"author":[{"embeddable":true,"href":"https:\/\/przedszkole124.edu.wroclaw.pl\/index.php\/wp-json\/wp\/v2\/users\/7"}],"replies":[{"embeddable":true,"href":"https:\/\/przedszkole124.edu.wroclaw.pl\/index.php\/wp-json\/wp\/v2\/comments?post=27"}],"version-history":[{"count":44,"href":"https:\/\/przedszkole124.edu.wroclaw.pl\/index.php\/wp-json\/wp\/v2\/pages\/27\/revisions"}],"predecessor-version":[{"id":5074,"href":"https:\/\/przedszkole124.edu.wroclaw.pl\/index.php\/wp-json\/wp\/v2\/pages\/27\/revisions\/5074"}],"wp:attachment":[{"href":"https:\/\/przedszkole124.edu.wroclaw.pl\/index.php\/wp-json\/wp\/v2\/media?parent=27"}],"curies":[{"name":"wp","href":"https:\/\/api.w.org\/{rel}","templated":true}]}}