
{"id":17,"date":"2022-01-20T08:16:33","date_gmt":"2022-01-20T07:16:33","guid":{"rendered":"https:\/\/przedszkole124.edu.wroclaw.pl\/?page_id=17"},"modified":"2022-12-28T10:19:05","modified_gmt":"2022-12-28T09:19:05","slug":"kontakt","status":"publish","type":"page","link":"https:\/\/przedszkole124.edu.wroclaw.pl\/index.php\/kontakt\/","title":{"rendered":"Kontakt"},"content":{"rendered":"<div class=\"wpb-content-wrapper\"><p>[vc_row][vc_column width=&#8221;1\/2&#8243;][vc_raw_html]JTNDaWZyYW1lJTIwd2lkdGglM0QlMjI2MDAlMjIlMjBoZWlnaHQlM0QlMjI1MDAlMjIlMjBpZCUzRCUyMmdtYXBfY2FudmFzJTIyJTIwc3JjJTNEJTIyaHR0cHMlM0ElMkYlMkZtYXBzLmdvb2dsZS5jb20lMkZtYXBzJTNGcSUzRFByemVkc3prb2xlJTI1MjBOciUyNTIwMTI0JTI1MjBpbS4lMjUyME1hcmlpJTI1MjBLb25vcG5pY2tpZWolMjUyMHVsLiUyNTIwR2VuLiUyNTIwU3RhbmlzJTI1QzUlMjU4MmF3YSUyNTIwS29wYSUyNUM1JTI1ODRza2llZ28lMjUyMDE4JTI1MjA1MS0yMTAlMjUyMFdyb2MlMjVDNSUyNTgyYXclMjZ0JTNEJTI2eiUzRDEzJTI2aWUlM0RVVEY4JTI2aXdsb2MlM0QlMjZvdXRwdXQlM0RlbWJlZCUyMiUyMGZyYW1lYm9yZGVyJTNEJTIyMCUyMiUyMHNjcm9sbGluZyUzRCUyMm5vJTIyJTIwbWFyZ2luaGVpZ2h0JTNEJTIyMCUyMiUyMG1hcmdpbndpZHRoJTNEJTIyMCUyMiUzRSUzQyUyRmlmcmFtZSUzRQ==[\/vc_raw_html][\/vc_column][vc_column width=&#8221;1\/2&#8243;][vc_column_text]<\/p>\n<h2 style=\"font-size: 36px; margin-top: -18px; color: #dd3846;\">Przedszkole nr 124<\/h2>\n<p><strong>Adres:<\/strong><br \/>\nPrzedszkole Nr 124<br \/>\nim. Marii Konopnickiej<br \/>\nul. Gen. Stanis\u0142awa Kopa\u0144skiego 18<br \/>\n51-210 Wroc\u0142aw<\/p>\n<p><strong>Tel:<\/strong><br \/>\n71 798 67 63 wew. 101 &#8211; Dyrektor<br \/>\n71 798 67 63 wew. 100 &#8211; Sekretariat<br \/>\n71 798 67 63 wew. 113 &#8211; Intendent<\/p>\n<p><strong>e-mail: <\/strong><a href=\"mailto:Sekretariat.p124@wroclawskaedukacja.pl\">Sekretariat.p124@wroclawskaedukacja.pl<\/a>[\/vc_column_text][\/vc_column][\/vc_row]<\/p>\n<\/div>","protected":false},"excerpt":{"rendered":"<p>[vc_row][vc_column width=&#8221;1\/2&#8243;][vc_raw_html]JTNDaWZyYW1lJTIwd2lkdGglM0QlMjI2MDAlMjIlMjBoZWlnaHQlM0QlMjI1MDAlMjIlMjBpZCUzRCUyMmdtYXBfY2FudmFzJTIyJTIwc3JjJTNEJTIyaHR0cHMlM0ElMkYlMkZtYXBzLmdvb2dsZS5jb20lMkZtYXBzJTNGcSUzRFByemVkc3prb2xlJTI1MjBOciUyNTIwMTI0JTI1MjBpbS4lMjUyME1hcmlpJTI1MjBLb25vcG5pY2tpZWolMjUyMHVsLiUyNTIwR2VuLiUyNTIwU3RhbmlzJTI1QzUlMjU4MmF3YSUyNTIwS29wYSUyNUM1JTI1ODRza2llZ28lMjUyMDE4JTI1MjA1MS0yMTAlMjUyMFdyb2MlMjVDNSUyNTgyYXclMjZ0JTNEJTI2eiUzRDEzJTI2aWUlM0RVVEY4JTI2aXdsb2MlM0QlMjZvdXRwdXQlM0RlbWJlZCUyMiUyMGZyYW1lYm9yZGVyJTNEJTIyMCUyMiUyMHNjcm9sbGluZyUzRCUyMm5vJTIyJTIwbWFyZ2luaGVpZ2h0JTNEJTIyMCUyMiUyMG1hcmdpbndpZHRoJTNEJTIyMCUyMiUzRSUzQyUyRmlmcmFtZSUzRQ==[\/vc_raw_html][\/vc_column][vc_column width=&#8221;1\/2&#8243;][vc_column_text] Przedszkole nr 124 Adres: Przedszkole Nr 124 im. Marii Konopnickiej ul. Gen. Stanis\u0142awa Kopa\u0144skiego 18 51-210 Wroc\u0142aw Tel: 71 798 67 63 wew. 101 &#8211; Dyrektor 71 [&hellip;]<\/p>\n","protected":false},"author":15,"featured_media":0,"parent":0,"menu_order":0,"comment_status":"closed","ping_status":"closed","template":"","meta":{"footnotes":""},"class_list":["post-17","page","type-page","status-publish","hentry","clearfix"],"_links":{"self":[{"href":"https:\/\/przedszkole124.edu.wroclaw.pl\/index.php\/wp-json\/wp\/v2\/pages\/17","targetHints":{"allow":["GET"]}}],"collection":[{"href":"https:\/\/przedszkole124.edu.wroclaw.pl\/index.php\/wp-json\/wp\/v2\/pages"}],"about":[{"href":"https:\/\/przedszkole124.edu.wroclaw.pl\/index.php\/wp-json\/wp\/v2\/types\/page"}],"author":[{"embeddable":true,"href":"https:\/\/przedszkole124.edu.wroclaw.pl\/index.php\/wp-json\/wp\/v2\/users\/15"}],"replies":[{"embeddable":true,"href":"https:\/\/przedszkole124.edu.wroclaw.pl\/index.php\/wp-json\/wp\/v2\/comments?post=17"}],"version-history":[{"count":5,"href":"https:\/\/przedszkole124.edu.wroclaw.pl\/index.php\/wp-json\/wp\/v2\/pages\/17\/revisions"}],"predecessor-version":[{"id":2296,"href":"https:\/\/przedszkole124.edu.wroclaw.pl\/index.php\/wp-json\/wp\/v2\/pages\/17\/revisions\/2296"}],"wp:attachment":[{"href":"https:\/\/przedszkole124.edu.wroclaw.pl\/index.php\/wp-json\/wp\/v2\/media?parent=17"}],"curies":[{"name":"wp","href":"https:\/\/api.w.org\/{rel}","templated":true}]}}